{"id":2116,"date":"2025-01-06T09:08:43","date_gmt":"2025-01-06T09:08:43","guid":{"rendered":"https:\/\/aecolos.edu.gov.pt\/?page_id=2116"},"modified":"2025-06-03T09:12:35","modified_gmt":"2025-06-03T08:12:35","slug":"material-de-apoio-aos-alunos","status":"publish","type":"page","link":"https:\/\/aecolos.edu.gov.pt\/?page_id=2116","title":{"rendered":"Material de apoio aos alunos"},"content":{"rendered":"\n<h3 class=\"wp-block-heading\">Links internos<\/h3>\n\n\n\n<figure class=\"wp-block-table aligncenter is-style-stripes\"><table><tbody><tr><td class=\"has-text-align-center\" data-align=\"center\"><a href=\"https:\/\/aecolos.edu.gov.pt\/?page_id=2318\">Biblioteca<\/a><\/td><td class=\"has-text-align-center\" data-align=\"center\"><\/td><\/tr><tr><td class=\"has-text-align-center\" data-align=\"center\"><a href=\"https:\/\/aecolos.edu.gov.pt\/?page_id=2318\"><img loading=\"lazy\" decoding=\"async\" width=\"150\" height=\"150\" class=\"wp-image-2702\" style=\"width: 150px;\" src=\"https:\/\/aecolos.edu.gov.pt\/wp-content\/uploads\/2025\/03\/LogoBE-3.png\" alt=\"\" srcset=\"https:\/\/aecolos.edu.gov.pt\/wp-content\/uploads\/2025\/03\/LogoBE-3.png 2599w, https:\/\/aecolos.edu.gov.pt\/wp-content\/uploads\/2025\/03\/LogoBE-3-300x300.png 300w, https:\/\/aecolos.edu.gov.pt\/wp-content\/uploads\/2025\/03\/LogoBE-3-1024x1024.png 1024w, https:\/\/aecolos.edu.gov.pt\/wp-content\/uploads\/2025\/03\/LogoBE-3-150x150.png 150w, https:\/\/aecolos.edu.gov.pt\/wp-content\/uploads\/2025\/03\/LogoBE-3-768x768.png 768w, https:\/\/aecolos.edu.gov.pt\/wp-content\/uploads\/2025\/03\/LogoBE-3-1536x1536.png 1536w, https:\/\/aecolos.edu.gov.pt\/wp-content\/uploads\/2025\/03\/LogoBE-3-2048x2048.png 2048w, https:\/\/aecolos.edu.gov.pt\/wp-content\/uploads\/2025\/03\/LogoBE-3-200x200.png 200w\" sizes=\"auto, (max-width: 150px) 100vw, 150px\" \/><\/a><\/td><td class=\"has-text-align-center\" data-align=\"center\"><\/td><\/tr><\/tbody><\/table><\/figure>\n\n\n\n<figure class=\"wp-block-table is-style-stripes\"><table class=\"has-fixed-layout\"><tbody><tr><td class=\"has-text-align-center\" data-align=\"center\"><a href=\"https:\/\/pmramos66.wixsite.com\/eccolos\" target=\"_blank\" rel=\"noreferrer noopener\">English Class Colos<\/a><\/td><td class=\"has-text-align-center\" data-align=\"center\"><strong><a href=\"https:\/\/pmramos66.wixsite.com\/aecolosesp\" target=\"_blank\" rel=\"noreferrer noopener\">CLASE&nbsp;DE ESPA\u00d1OL<\/a><\/strong><\/td><\/tr><tr><td class=\"has-text-align-center\" data-align=\"center\"><a href=\"https:\/\/pmramos66.wixsite.com\/eccolos\" target=\"_blank\" rel=\"noreferrer noopener\"><img loading=\"lazy\" decoding=\"async\" width=\"150\" height=\"38\" class=\"wp-image-2119\" style=\"width: 150px;\" src=\"https:\/\/aecolos.edu.gov.pt\/wp-content\/uploads\/2025\/01\/englishclass.png\" alt=\"\" srcset=\"https:\/\/aecolos.edu.gov.pt\/wp-content\/uploads\/2025\/01\/englishclass.png 588w, https:\/\/aecolos.edu.gov.pt\/wp-content\/uploads\/2025\/01\/englishclass-300x76.png 300w, https:\/\/aecolos.edu.gov.pt\/wp-content\/uploads\/2025\/01\/englishclass-200x50.png 200w\" sizes=\"auto, (max-width: 150px) 100vw, 150px\" \/><\/a><\/td><td class=\"has-text-align-center\" data-align=\"center\"><a href=\"https:\/\/pmramos66.wixsite.com\/aecolosesp\" target=\"_blank\" rel=\"noreferrer noopener\"><img loading=\"lazy\" decoding=\"async\" width=\"150\" height=\"26\" class=\"wp-image-2126\" style=\"width: 150px;\" src=\"https:\/\/aecolos.edu.gov.pt\/wp-content\/uploads\/2025\/01\/espanhol.png\" alt=\"\" srcset=\"https:\/\/aecolos.edu.gov.pt\/wp-content\/uploads\/2025\/01\/espanhol.png 834w, https:\/\/aecolos.edu.gov.pt\/wp-content\/uploads\/2025\/01\/espanhol-300x53.png 300w, https:\/\/aecolos.edu.gov.pt\/wp-content\/uploads\/2025\/01\/espanhol-768x134.png 768w, https:\/\/aecolos.edu.gov.pt\/wp-content\/uploads\/2025\/01\/espanhol-200x35.png 200w\" sizes=\"auto, (max-width: 150px) 100vw, 150px\" \/><\/a><\/td><\/tr><\/tbody><\/table><\/figure>\n\n\n\n<figure class=\"wp-block-table is-style-stripes\"><table class=\"has-fixed-layout\"><tbody><tr><td class=\"has-text-align-center\" data-align=\"center\"><a href=\"https:\/\/aecolos.edu.gov.pt\/?page_id=2346\" target=\"_blank\" rel=\"noreferrer noopener\">Jogos Educativos<\/a><\/td><td class=\"has-text-align-center\" data-align=\"center\"><a href=\"https:\/\/www.biblioled.gov.pt\/about\" target=\"_blank\" rel=\"noreferrer noopener\">BiblioLED<\/a><\/td><\/tr><tr><td class=\"has-text-align-center\" data-align=\"center\"><a href=\"https:\/\/aecolos.edu.gov.pt\/?page_id=2346\" target=\"_blank\" rel=\"noreferrer noopener\"><img loading=\"lazy\" decoding=\"async\" width=\"50\" height=\"50\" class=\"wp-image-2372\" style=\"width: 50px;\" src=\"https:\/\/aecolos.edu.gov.pt\/wp-content\/uploads\/2025\/01\/game_icon.png\" alt=\"\" srcset=\"https:\/\/aecolos.edu.gov.pt\/wp-content\/uploads\/2025\/01\/game_icon.png 512w, https:\/\/aecolos.edu.gov.pt\/wp-content\/uploads\/2025\/01\/game_icon-300x300.png 300w, https:\/\/aecolos.edu.gov.pt\/wp-content\/uploads\/2025\/01\/game_icon-150x150.png 150w, https:\/\/aecolos.edu.gov.pt\/wp-content\/uploads\/2025\/01\/game_icon-200x200.png 200w\" sizes=\"auto, (max-width: 50px) 100vw, 50px\" \/><\/a><\/td><td class=\"has-text-align-center\" data-align=\"center\"><a href=\"https:\/\/www.biblioled.gov.pt\/about\" data-type=\"link\" data-id=\"https:\/\/www.biblioled.gov.pt\/about\" target=\"_blank\" rel=\"noreferrer noopener\"><img loading=\"lazy\" decoding=\"async\" width=\"100\" height=\"48\" class=\"wp-image-2467\" style=\"width: 100px;\" src=\"https:\/\/aecolos.edu.gov.pt\/wp-content\/uploads\/2025\/01\/BiblioLED.png\" alt=\"\" srcset=\"https:\/\/aecolos.edu.gov.pt\/wp-content\/uploads\/2025\/01\/BiblioLED.png 456w, https:\/\/aecolos.edu.gov.pt\/wp-content\/uploads\/2025\/01\/BiblioLED-300x145.png 300w, https:\/\/aecolos.edu.gov.pt\/wp-content\/uploads\/2025\/01\/BiblioLED-200x96.png 200w\" sizes=\"auto, (max-width: 100px) 100vw, 100px\" \/><\/a><\/td><\/tr><\/tbody><\/table><\/figure>\n\n\n\n<p><\/p>\n\n\n\n<div style=\"height:80px\" aria-hidden=\"true\" class=\"wp-block-spacer\"><\/div>\n\n\n\n<h3 class=\"wp-block-heading\">Links externos<\/h3>\n\n\n\n<figure class=\"wp-block-table is-style-stripes\"><table class=\"has-fixed-layout\"><tbody><tr><td class=\"has-text-align-center\" data-align=\"center\"><a href=\"https:\/\/estudoautonomo.dge.mec.pt\/\" target=\"_blank\" rel=\"noreferrer noopener\">Estudo Aut\u00f3nomo DGE<\/a><\/td><td class=\"has-text-align-center\" data-align=\"center\"><strong><a href=\"https:\/\/cctic.ese.ipsantarem.pt\/red\/\" target=\"_blank\" rel=\"noreferrer noopener\">Centro de recursos TIC<\/a><\/strong><\/td><\/tr><tr><td class=\"has-text-align-center\" data-align=\"center\"><a href=\"https:\/\/estudoautonomo.dge.mec.pt\/\" target=\"_blank\" rel=\"noreferrer noopener\"><img loading=\"lazy\" decoding=\"async\" width=\"150\" height=\"48\" class=\"wp-image-2118\" style=\"width: 150px;\" src=\"https:\/\/aecolos.edu.gov.pt\/wp-content\/uploads\/2025\/01\/estudoautonomoDGE.png\" alt=\"\" srcset=\"https:\/\/aecolos.edu.gov.pt\/wp-content\/uploads\/2025\/01\/estudoautonomoDGE.png 2339w, https:\/\/aecolos.edu.gov.pt\/wp-content\/uploads\/2025\/01\/estudoautonomoDGE-300x96.png 300w, https:\/\/aecolos.edu.gov.pt\/wp-content\/uploads\/2025\/01\/estudoautonomoDGE-1024x327.png 1024w, https:\/\/aecolos.edu.gov.pt\/wp-content\/uploads\/2025\/01\/estudoautonomoDGE-768x246.png 768w, https:\/\/aecolos.edu.gov.pt\/wp-content\/uploads\/2025\/01\/estudoautonomoDGE-1536x491.png 1536w, https:\/\/aecolos.edu.gov.pt\/wp-content\/uploads\/2025\/01\/estudoautonomoDGE-2048x655.png 2048w, https:\/\/aecolos.edu.gov.pt\/wp-content\/uploads\/2025\/01\/estudoautonomoDGE-200x64.png 200w\" sizes=\"auto, (max-width: 150px) 100vw, 150px\" \/><\/a><\/td><td class=\"has-text-align-center\" data-align=\"center\"><a href=\"https:\/\/cctic.ese.ipsantarem.pt\/red\/\" target=\"_blank\" rel=\"noreferrer noopener\"><img loading=\"lazy\" decoding=\"async\" width=\"150\" height=\"100\" class=\"wp-image-2130\" style=\"width: 150px;\" src=\"https:\/\/aecolos.edu.gov.pt\/wp-content\/uploads\/2025\/01\/ccTIC.png\" alt=\"\" srcset=\"https:\/\/aecolos.edu.gov.pt\/wp-content\/uploads\/2025\/01\/ccTIC.png 300w, https:\/\/aecolos.edu.gov.pt\/wp-content\/uploads\/2025\/01\/ccTIC-200x133.png 200w\" sizes=\"auto, (max-width: 150px) 100vw, 150px\" \/><\/a><\/td><\/tr><\/tbody><\/table><\/figure>\n\n\n\n<figure class=\"wp-block-table is-style-stripes\"><table class=\"has-fixed-layout\"><tbody><tr><td class=\"has-text-align-center\" data-align=\"center\"><a href=\"https:\/\/estudoemcasaapoia.dge.mec.pt\/recursos\" target=\"_blank\" rel=\"noreferrer noopener\">Estudo em casa<\/a><\/td><td class=\"has-text-align-center\" data-align=\"center\"><strong><a href=\"https:\/\/www.ciberescola.com\/experimenta.html?action=home\" target=\"_blank\" rel=\"noreferrer noopener\">CiberEscola da Lingua Portuguesa (PLNM)<\/a><\/strong><\/td><\/tr><tr><td class=\"has-text-align-center\" data-align=\"center\"><a href=\"https:\/\/estudoemcasaapoia.dge.mec.pt\/recursos\" target=\"_blank\" rel=\"noreferrer noopener\"><img loading=\"lazy\" decoding=\"async\" width=\"150\" height=\"51\" class=\"wp-image-2135\" style=\"width: 150px;\" src=\"https:\/\/aecolos.edu.gov.pt\/wp-content\/uploads\/2025\/01\/estudo-em-casa.png\" alt=\"\" srcset=\"https:\/\/aecolos.edu.gov.pt\/wp-content\/uploads\/2025\/01\/estudo-em-casa.png 402w, https:\/\/aecolos.edu.gov.pt\/wp-content\/uploads\/2025\/01\/estudo-em-casa-300x103.png 300w, https:\/\/aecolos.edu.gov.pt\/wp-content\/uploads\/2025\/01\/estudo-em-casa-200x69.png 200w\" sizes=\"auto, (max-width: 150px) 100vw, 150px\" \/><\/a><\/td><td class=\"has-text-align-center\" data-align=\"center\"><a href=\"https:\/\/www.ciberescola.com\/experimenta.html?action=home\" target=\"_blank\" rel=\"noreferrer noopener\"><img loading=\"lazy\" decoding=\"async\" width=\"150\" height=\"88\" class=\"wp-image-2137\" style=\"width: 150px;\" src=\"https:\/\/aecolos.edu.gov.pt\/wp-content\/uploads\/2025\/01\/ciberescola.png\" alt=\"\" srcset=\"https:\/\/aecolos.edu.gov.pt\/wp-content\/uploads\/2025\/01\/ciberescola.png 494w, https:\/\/aecolos.edu.gov.pt\/wp-content\/uploads\/2025\/01\/ciberescola-300x176.png 300w, https:\/\/aecolos.edu.gov.pt\/wp-content\/uploads\/2025\/01\/ciberescola-200x117.png 200w\" sizes=\"auto, (max-width: 150px) 100vw, 150px\" \/><\/a><\/td><\/tr><\/tbody><\/table><\/figure>\n\n\n\n<figure class=\"wp-block-table is-style-stripes\"><table class=\"has-fixed-layout\"><tbody><tr><td class=\"has-text-align-center\" data-align=\"center\"><a href=\"https:\/\/estudoemcasaapoia.dge.mec.pt\/recurso\/ulisses-de-maria-alberta-meneres\" target=\"_blank\" rel=\"noreferrer noopener\">\u201cUlisses\u201d, de Maria Alberta Men\u00e9res<\/a><\/td><td class=\"has-text-align-center\" data-align=\"center\"><a href=\"https:\/\/aecolos.edu.gov.pt\/wp-content\/uploads\/2025\/05\/inteligencia-artificial-educacao-ferramentas-estudantes.pdf\" target=\"_blank\" rel=\"noreferrer noopener\">Intelig\u00eancia Artificial na Educa\u00e7\u00e3o<\/a><\/td><\/tr><tr><td class=\"has-text-align-center\" data-align=\"center\"><a href=\"https:\/\/estudoemcasaapoia.dge.mec.pt\/recurso\/ulisses-de-maria-alberta-meneres\" target=\"_blank\" rel=\"noreferrer noopener\"><img loading=\"lazy\" decoding=\"async\" width=\"150\" height=\"31\" class=\"wp-image-2854\" style=\"width: 150px;\" src=\"https:\/\/aecolos.edu.gov.pt\/wp-content\/uploads\/2025\/03\/Versao-Preto.png\" alt=\"\" srcset=\"https:\/\/aecolos.edu.gov.pt\/wp-content\/uploads\/2025\/03\/Versao-Preto.png 952w, https:\/\/aecolos.edu.gov.pt\/wp-content\/uploads\/2025\/03\/Versao-Preto-300x62.png 300w, https:\/\/aecolos.edu.gov.pt\/wp-content\/uploads\/2025\/03\/Versao-Preto-768x159.png 768w, https:\/\/aecolos.edu.gov.pt\/wp-content\/uploads\/2025\/03\/Versao-Preto-200x41.png 200w\" sizes=\"auto, (max-width: 150px) 100vw, 150px\" \/><\/a><\/td><td class=\"has-text-align-center\" data-align=\"center\"><a href=\"https:\/\/aecolos.edu.gov.pt\/wp-content\/uploads\/2025\/05\/inteligencia-artificial-educacao-ferramentas-estudantes.pdf\" target=\"_blank\" rel=\"noreferrer noopener\"><img loading=\"lazy\" decoding=\"async\" width=\"150\" height=\"75\" class=\"wp-image-2998\" style=\"width: 150px;\" src=\"https:\/\/aecolos.edu.gov.pt\/wp-content\/uploads\/2025\/05\/Captura-de-ecra-2025-05-07-as-15.26.22-scaled.png\" alt=\"\" srcset=\"https:\/\/aecolos.edu.gov.pt\/wp-content\/uploads\/2025\/05\/Captura-de-ecra-2025-05-07-as-15.26.22-scaled.png 2560w, https:\/\/aecolos.edu.gov.pt\/wp-content\/uploads\/2025\/05\/Captura-de-ecra-2025-05-07-as-15.26.22-300x150.png 300w, https:\/\/aecolos.edu.gov.pt\/wp-content\/uploads\/2025\/05\/Captura-de-ecra-2025-05-07-as-15.26.22-1024x515.png 1024w, https:\/\/aecolos.edu.gov.pt\/wp-content\/uploads\/2025\/05\/Captura-de-ecra-2025-05-07-as-15.26.22-768x386.png 768w, https:\/\/aecolos.edu.gov.pt\/wp-content\/uploads\/2025\/05\/Captura-de-ecra-2025-05-07-as-15.26.22-1536x773.png 1536w, https:\/\/aecolos.edu.gov.pt\/wp-content\/uploads\/2025\/05\/Captura-de-ecra-2025-05-07-as-15.26.22-2048x1031.png 2048w, https:\/\/aecolos.edu.gov.pt\/wp-content\/uploads\/2025\/05\/Captura-de-ecra-2025-05-07-as-15.26.22-200x101.png 200w, https:\/\/aecolos.edu.gov.pt\/wp-content\/uploads\/2025\/05\/Captura-de-ecra-2025-05-07-as-15.26.22-1320x664.png 1320w\" sizes=\"auto, (max-width: 150px) 100vw, 150px\" \/><\/a><\/td><\/tr><\/tbody><\/table><\/figure>\n\n\n\n<figure class=\"wp-block-table is-style-stripes\"><table class=\"has-fixed-layout\"><tbody><tr><td class=\"has-text-align-center\" data-align=\"center\"><a href=\"https:\/\/estudoautonomo.dge.mec.pt\/\" target=\"_blank\" rel=\"noreferrer noopener\">Estudo Aut\u00f3nomo<\/a><\/td><td class=\"has-text-align-center\" data-align=\"center\"><\/td><\/tr><tr><td class=\"has-text-align-center\" data-align=\"center\"><a href=\"https:\/\/estudoautonomo.dge.mec.pt\/\" data-type=\"link\" data-id=\"https:\/\/estudoautonomo.dge.mec.pt\/\" target=\"_blank\" rel=\"noreferrer noopener\"><img loading=\"lazy\" decoding=\"async\" width=\"150\" height=\"81\" class=\"wp-image-3122\" style=\"width: 150px;\" src=\"https:\/\/aecolos.edu.gov.pt\/wp-content\/uploads\/2025\/06\/front_page.png\" alt=\"\" srcset=\"https:\/\/aecolos.edu.gov.pt\/wp-content\/uploads\/2025\/06\/front_page.png 1389w, https:\/\/aecolos.edu.gov.pt\/wp-content\/uploads\/2025\/06\/front_page-300x162.png 300w, https:\/\/aecolos.edu.gov.pt\/wp-content\/uploads\/2025\/06\/front_page-1024x551.png 1024w, https:\/\/aecolos.edu.gov.pt\/wp-content\/uploads\/2025\/06\/front_page-768x414.png 768w, https:\/\/aecolos.edu.gov.pt\/wp-content\/uploads\/2025\/06\/front_page-200x108.png 200w, https:\/\/aecolos.edu.gov.pt\/wp-content\/uploads\/2025\/06\/front_page-1320x711.png 1320w\" sizes=\"auto, (max-width: 150px) 100vw, 150px\" \/><\/a><\/td><td class=\"has-text-align-center\" data-align=\"center\"><\/td><\/tr><\/tbody><\/table><\/figure>\n\n\n\n<div style=\"height:80px\" aria-hidden=\"true\" class=\"wp-block-spacer\"><\/div>\n\n\n\n<h3 class=\"wp-block-heading\">Seguran\u00e7a Digital<\/h3>\n\n\n\n<figure class=\"wp-block-table is-style-stripes\"><table class=\"has-fixed-layout\"><tbody><tr><td class=\"has-text-align-center\" data-align=\"center\"><a href=\"https:\/\/apoioescolas.dge.mec.pt\/segurancadigital\" target=\"_blank\" rel=\"noreferrer noopener\">Apoio \u00e0s Escolas DGE &#8211; Seguran\u00e7a Digital<\/a><\/td><td class=\"has-text-align-center\" data-align=\"center\"><strong><a href=\"https:\/\/www.seguranet.pt\/recursos\" target=\"_blank\" rel=\"noreferrer noopener\">SeguraNET<\/a><\/strong><\/td><\/tr><tr><td class=\"has-text-align-center\" data-align=\"center\"><a href=\"https:\/\/apoioescolas.dge.mec.pt\/segurancadigital\" target=\"_blank\" rel=\"noreferrer noopener\"><img loading=\"lazy\" decoding=\"async\" width=\"150\" height=\"150\" class=\"wp-image-2141\" style=\"width: 150px;\" src=\"https:\/\/aecolos.edu.gov.pt\/wp-content\/uploads\/2025\/01\/seguranca-digital.jpg\" alt=\"\" srcset=\"https:\/\/aecolos.edu.gov.pt\/wp-content\/uploads\/2025\/01\/seguranca-digital.jpg 1024w, https:\/\/aecolos.edu.gov.pt\/wp-content\/uploads\/2025\/01\/seguranca-digital-300x300.jpg 300w, https:\/\/aecolos.edu.gov.pt\/wp-content\/uploads\/2025\/01\/seguranca-digital-150x150.jpg 150w, https:\/\/aecolos.edu.gov.pt\/wp-content\/uploads\/2025\/01\/seguranca-digital-768x768.jpg 768w, https:\/\/aecolos.edu.gov.pt\/wp-content\/uploads\/2025\/01\/seguranca-digital-200x200.jpg 200w\" sizes=\"auto, (max-width: 150px) 100vw, 150px\" \/><\/a><\/td><td class=\"has-text-align-center\" data-align=\"center\"><a href=\"https:\/\/www.seguranet.pt\/recursos\" target=\"_blank\" rel=\"noreferrer noopener\"><img loading=\"lazy\" decoding=\"async\" width=\"150\" height=\"73\" class=\"wp-image-2142\" style=\"width: 150px;\" src=\"https:\/\/aecolos.edu.gov.pt\/wp-content\/uploads\/2025\/01\/seguranet.png\" alt=\"\" srcset=\"https:\/\/aecolos.edu.gov.pt\/wp-content\/uploads\/2025\/01\/seguranet.png 384w, https:\/\/aecolos.edu.gov.pt\/wp-content\/uploads\/2025\/01\/seguranet-300x147.png 300w, https:\/\/aecolos.edu.gov.pt\/wp-content\/uploads\/2025\/01\/seguranet-200x98.png 200w\" sizes=\"auto, (max-width: 150px) 100vw, 150px\" \/><\/a><\/td><\/tr><\/tbody><\/table><\/figure>\n\n\n\n<figure class=\"wp-block-table is-style-stripes\"><table class=\"has-fixed-layout\"><tbody><tr><td class=\"has-text-align-center\" data-align=\"center\"><a href=\"https:\/\/apoioescolas.dge.mec.pt\/segurancadigital\" target=\"_blank\" rel=\"noreferrer noopener\">Site Internet Segura<\/a><\/td><td class=\"has-text-align-center\" data-align=\"center\"><strong><a href=\"https:\/\/www.seguranet.pt\/recursoshttps:\/\/support.microsoft.com\/pt-pt\/training?redirectSourcePath=%252fen-us%252foffice-training-center\" target=\"_blank\" rel=\"noreferrer noopener\">Forma\u00e7\u00e3o do Microsoft 365<\/a><\/strong><\/td><\/tr><tr><td class=\"has-text-align-center\" data-align=\"center\"><img loading=\"lazy\" decoding=\"async\" width=\"150\" height=\"56\" class=\"wp-image-2145\" style=\"width: 150px;\" src=\"https:\/\/aecolos.edu.gov.pt\/wp-content\/uploads\/2025\/01\/centrointernetsegura.png\" alt=\"\" srcset=\"https:\/\/aecolos.edu.gov.pt\/wp-content\/uploads\/2025\/01\/centrointernetsegura.png 464w, https:\/\/aecolos.edu.gov.pt\/wp-content\/uploads\/2025\/01\/centrointernetsegura-300x113.png 300w, https:\/\/aecolos.edu.gov.pt\/wp-content\/uploads\/2025\/01\/centrointernetsegura-200x75.png 200w\" sizes=\"auto, (max-width: 150px) 100vw, 150px\" \/><\/td><td class=\"has-text-align-center\" data-align=\"center\"><img loading=\"lazy\" decoding=\"async\" width=\"150\" height=\"68\" class=\"wp-image-2146\" style=\"width: 150px;\" src=\"https:\/\/aecolos.edu.gov.pt\/wp-content\/uploads\/2025\/01\/microsoft.png\" alt=\"\" srcset=\"https:\/\/aecolos.edu.gov.pt\/wp-content\/uploads\/2025\/01\/microsoft.png 274w, https:\/\/aecolos.edu.gov.pt\/wp-content\/uploads\/2025\/01\/microsoft-200x91.png 200w\" sizes=\"auto, (max-width: 150px) 100vw, 150px\" \/><\/td><\/tr><\/tbody><\/table><\/figure>\n","protected":false},"excerpt":{"rendered":"<p>Links internos Biblioteca English Class Colos CLASE&nbsp;DE ESPA\u00d1OL Jogos Educativos BiblioLED Links externos Estudo Aut\u00f3nomo DGE Centro de recursos TIC Estudo em casa CiberEscola da Lingua Portuguesa (PLNM) \u201cUlisses\u201d, de &#8230;<\/p>\n","protected":false},"author":1,"featured_media":0,"parent":0,"menu_order":0,"comment_status":"closed","ping_status":"closed","template":"","meta":{"pgc_sgb_lightbox_settings":"","footnotes":""},"class_list":["post-2116","page","type-page","status-publish","hentry"],"_links":{"self":[{"href":"https:\/\/aecolos.edu.gov.pt\/index.php?rest_route=\/wp\/v2\/pages\/2116","targetHints":{"allow":["GET"]}}],"collection":[{"href":"https:\/\/aecolos.edu.gov.pt\/index.php?rest_route=\/wp\/v2\/pages"}],"about":[{"href":"https:\/\/aecolos.edu.gov.pt\/index.php?rest_route=\/wp\/v2\/types\/page"}],"author":[{"embeddable":true,"href":"https:\/\/aecolos.edu.gov.pt\/index.php?rest_route=\/wp\/v2\/users\/1"}],"replies":[{"embeddable":true,"href":"https:\/\/aecolos.edu.gov.pt\/index.php?rest_route=%2Fwp%2Fv2%2Fcomments&post=2116"}],"version-history":[{"count":30,"href":"https:\/\/aecolos.edu.gov.pt\/index.php?rest_route=\/wp\/v2\/pages\/2116\/revisions"}],"predecessor-version":[{"id":3124,"href":"https:\/\/aecolos.edu.gov.pt\/index.php?rest_route=\/wp\/v2\/pages\/2116\/revisions\/3124"}],"wp:attachment":[{"href":"https:\/\/aecolos.edu.gov.pt\/index.php?rest_route=%2Fwp%2Fv2%2Fmedia&parent=2116"}],"curies":[{"name":"wp","href":"https:\/\/api.w.org\/{rel}","templated":true}]}}