{"id":1664,"date":"2024-10-28T09:10:35","date_gmt":"2024-10-28T09:10:35","guid":{"rendered":"https:\/\/aecolos.edu.gov.pt\/?page_id=1664"},"modified":"2025-01-22T15:04:46","modified_gmt":"2025-01-22T15:04:46","slug":"patrono-aviador-brito-pais","status":"publish","type":"page","link":"https:\/\/aecolos.edu.gov.pt\/?page_id=1664","title":{"rendered":"Patrono &#8211; Aviador Brito Pais"},"content":{"rendered":"\n<p class=\"has-text-align-center\"><strong>Ant\u00f3nio Jacinto da Silva de Brito Paes<\/strong><br><strong>15 de Julho de 1884 &#8211; 22 de Fevereiro de 1934<\/strong><\/p>\n\n\n<div class=\"wp-block-image\">\n<figure class=\"alignleft size-full\"><img loading=\"lazy\" decoding=\"async\" width=\"153\" height=\"222\" src=\"https:\/\/aecolos.edu.gov.pt\/wp-content\/uploads\/2024\/10\/image.png\" alt=\"\" class=\"wp-image-1665\"\/><\/figure>\n<\/div>\n\n\n<p>Rom\u00e2ntico inveterado e pioneiro do risco, tirou o brevet de piloto e esteve umbilicalmente ligado aos primeiros passos da avia\u00e7\u00e3o militar em Portugal. Em 1922, sem autoriza\u00e7\u00e3o do ministro da Guerra, partiu a bordo do decr\u00e9pito &#8220;Cavaleiro Negro&#8221; e tentou um voo direto \u00e0 Madeira, orientado unicamente por uma b\u00fassola, mas o nevoeiro f\u00ea-lo cair ao mar, de onde foi resgatado por uma embarca\u00e7\u00e3o brit\u00e2nica.<\/p>\n\n\n<div class=\"wp-block-image\">\n<figure class=\"alignright size-full\"><img loading=\"lazy\" decoding=\"async\" width=\"156\" height=\"222\" src=\"https:\/\/aecolos.edu.gov.pt\/wp-content\/uploads\/2024\/10\/image-1.png\" alt=\"\" class=\"wp-image-1666\"\/><\/figure>\n<\/div>\n\n\n<p>Foi numa manh\u00e3 de nevoeiro, em Abril de 1924, que juntamente com o eterno companheiro de aventuras, Jos\u00e9 Manuel Sarmento de Beires &#8211; descolou de Vila Nova de Milfontes no seu Breguet.&nbsp;<\/p>\n\n\n\n<p>A bordo do &#8220;P\u00e1tria&#8221;, partiu para aquela que foi, na altura, a maior aventura do mundo: ligar Portugal a Macau, no extremo oriente do globo, por via a\u00e9rea. Afinal, a aventura foi sempre o t\u00f3nico de&nbsp;<a href=\"https:\/\/pt.wikipedia.org\/wiki\/Ant%C3%B3nio_Jacinto_da_Silva_de_Brito_Pais\" target=\"_blank\" rel=\"noreferrer noopener\">Ant\u00f3nio de Brito Paes<\/a>&nbsp;ao longo da sua vida. Nascido a 15 de Julho de 1884 em Colos, cedo enveredou pela carreira militar, servindo o ex\u00e9rcito portugu\u00eas. Primeiro, em Mo\u00e7ambique e Angola, depois em Fran\u00e7a e na Flandres, durante a primeira Grande Guerra Mundial.<\/p>\n\n\n\n<div style=\"height:100px\" aria-hidden=\"true\" class=\"wp-block-spacer\"><\/div>\n\n\n\n<div style=\"height:100px\" aria-hidden=\"true\" class=\"wp-block-spacer\"><\/div>\n","protected":false},"excerpt":{"rendered":"<p>Ant\u00f3nio Jacinto da Silva de Brito Paes15 de Julho de 1884 &#8211; 22 de Fevereiro de 1934 Rom\u00e2ntico inveterado e pioneiro do risco, tirou o brevet de piloto e esteve &#8230;<\/p>\n","protected":false},"author":3,"featured_media":0,"parent":0,"menu_order":0,"comment_status":"closed","ping_status":"closed","template":"","meta":{"pgc_sgb_lightbox_settings":"","footnotes":""},"class_list":["post-1664","page","type-page","status-publish","hentry"],"_links":{"self":[{"href":"https:\/\/aecolos.edu.gov.pt\/index.php?rest_route=\/wp\/v2\/pages\/1664","targetHints":{"allow":["GET"]}}],"collection":[{"href":"https:\/\/aecolos.edu.gov.pt\/index.php?rest_route=\/wp\/v2\/pages"}],"about":[{"href":"https:\/\/aecolos.edu.gov.pt\/index.php?rest_route=\/wp\/v2\/types\/page"}],"author":[{"embeddable":true,"href":"https:\/\/aecolos.edu.gov.pt\/index.php?rest_route=\/wp\/v2\/users\/3"}],"replies":[{"embeddable":true,"href":"https:\/\/aecolos.edu.gov.pt\/index.php?rest_route=%2Fwp%2Fv2%2Fcomments&post=1664"}],"version-history":[{"count":5,"href":"https:\/\/aecolos.edu.gov.pt\/index.php?rest_route=\/wp\/v2\/pages\/1664\/revisions"}],"predecessor-version":[{"id":2390,"href":"https:\/\/aecolos.edu.gov.pt\/index.php?rest_route=\/wp\/v2\/pages\/1664\/revisions\/2390"}],"wp:attachment":[{"href":"https:\/\/aecolos.edu.gov.pt\/index.php?rest_route=%2Fwp%2Fv2%2Fmedia&parent=1664"}],"curies":[{"name":"wp","href":"https:\/\/api.w.org\/{rel}","templated":true}]}}