{"id":1635,"date":"2024-10-14T20:35:38","date_gmt":"2024-10-14T20:35:38","guid":{"rendered":"https:\/\/aecolos.edu.gov.pt\/?page_id=1635"},"modified":"2025-01-22T15:03:49","modified_gmt":"2025-01-22T15:03:49","slug":"ligacoes-uteis","status":"publish","type":"page","link":"https:\/\/aecolos.edu.gov.pt\/?page_id=1635","title":{"rendered":"Liga\u00e7\u00f5es \u00fateis"},"content":{"rendered":"\n<div class=\"wp-block-group has-x-large-font-size is-layout-grid wp-container-core-group-is-layout-5a87428e wp-block-group-is-layout-grid\"><div class=\"wp-block-image\">\n<figure class=\"aligncenter size-full\"><a href=\"https:\/\/www.microsoft.com\/pt-pt\/microsoft-teams\/log-in\" target=\"_blank\" rel=\"noreferrer noopener\"><img loading=\"lazy\" decoding=\"async\" width=\"3840\" height=\"2160\" src=\"https:\/\/aecolos.edu.gov.pt\/wp-content\/uploads\/2025\/01\/Microsoft-Teams.png\" alt=\"\" class=\"wp-image-2174\" srcset=\"https:\/\/aecolos.edu.gov.pt\/wp-content\/uploads\/2025\/01\/Microsoft-Teams.png 3840w, https:\/\/aecolos.edu.gov.pt\/wp-content\/uploads\/2025\/01\/Microsoft-Teams-300x169.png 300w, https:\/\/aecolos.edu.gov.pt\/wp-content\/uploads\/2025\/01\/Microsoft-Teams-1024x576.png 1024w, https:\/\/aecolos.edu.gov.pt\/wp-content\/uploads\/2025\/01\/Microsoft-Teams-768x432.png 768w, https:\/\/aecolos.edu.gov.pt\/wp-content\/uploads\/2025\/01\/Microsoft-Teams-1536x864.png 1536w, https:\/\/aecolos.edu.gov.pt\/wp-content\/uploads\/2025\/01\/Microsoft-Teams-2048x1152.png 2048w, https:\/\/aecolos.edu.gov.pt\/wp-content\/uploads\/2025\/01\/Microsoft-Teams-200x113.png 200w\" sizes=\"auto, (max-width: 3840px) 100vw, 3840px\" \/><\/a><\/figure>\n<\/div>\n\n<div class=\"wp-block-image\">\n<figure class=\"aligncenter size-full\"><a href=\"https:\/\/www.microsoft.com\/pt-pt\/microsoft-365\/outlook\/email-and-calendar-software-microsoft-outlook?market=pt\" target=\"_blank\" rel=\" noreferrer noopener\"><img loading=\"lazy\" decoding=\"async\" width=\"1024\" height=\"282\" src=\"https:\/\/aecolos.edu.gov.pt\/wp-content\/uploads\/2025\/01\/Outlook.png\" alt=\"\" class=\"wp-image-2173\" srcset=\"https:\/\/aecolos.edu.gov.pt\/wp-content\/uploads\/2025\/01\/Outlook.png 1024w, https:\/\/aecolos.edu.gov.pt\/wp-content\/uploads\/2025\/01\/Outlook-300x83.png 300w, https:\/\/aecolos.edu.gov.pt\/wp-content\/uploads\/2025\/01\/Outlook-768x212.png 768w, https:\/\/aecolos.edu.gov.pt\/wp-content\/uploads\/2025\/01\/Outlook-200x55.png 200w\" sizes=\"auto, (max-width: 1024px) 100vw, 1024px\" \/><\/a><\/figure>\n<\/div>\n\n<div class=\"wp-block-image\">\n<figure class=\"aligncenter size-full\"><a href=\"https:\/\/auladigital.leya.com\/\" target=\"_blank\" rel=\" noreferrer noopener\"><img loading=\"lazy\" decoding=\"async\" width=\"181\" height=\"44\" src=\"https:\/\/aecolos.edu.gov.pt\/wp-content\/uploads\/2025\/01\/auladigital-1.png\" alt=\"\" class=\"wp-image-2175\"\/><\/a><\/figure>\n<\/div>\n\n<div class=\"wp-block-image\">\n<figure class=\"aligncenter size-full\"><a href=\"https:\/\/www.escolavirtual.pt\/\" target=\"_blank\" rel=\" noreferrer noopener\"><img loading=\"lazy\" decoding=\"async\" width=\"199\" height=\"45\" src=\"https:\/\/aecolos.edu.gov.pt\/wp-content\/uploads\/2025\/01\/escola-virtual.png\" alt=\"\" class=\"wp-image-2176\"\/><\/a><\/figure>\n<\/div>\n\n<div class=\"wp-block-image\">\n<figure class=\"aligncenter size-full\"><a href=\"https:\/\/e360.edu.gov.pt\/\" target=\"_blank\" rel=\" noreferrer noopener\"><img loading=\"lazy\" decoding=\"async\" width=\"279\" height=\"41\" src=\"https:\/\/aecolos.edu.gov.pt\/wp-content\/uploads\/2025\/01\/escola-360_p.png\" alt=\"\" class=\"wp-image-2177\" srcset=\"https:\/\/aecolos.edu.gov.pt\/wp-content\/uploads\/2025\/01\/escola-360_p.png 279w, https:\/\/aecolos.edu.gov.pt\/wp-content\/uploads\/2025\/01\/escola-360_p-200x29.png 200w\" sizes=\"auto, (max-width: 279px) 100vw, 279px\" \/><\/a><\/figure>\n<\/div>\n\n<div class=\"wp-block-image\">\n<figure class=\"aligncenter size-large\"><a href=\"https:\/\/www.dge.mec.pt\/\" target=\"_blank\" rel=\" noreferrer noopener\"><img loading=\"lazy\" decoding=\"async\" width=\"1024\" height=\"666\" src=\"https:\/\/aecolos.edu.gov.pt\/wp-content\/uploads\/2025\/01\/pnpse_bitmap_png-1024x666.png\" alt=\"\" class=\"wp-image-2178\" srcset=\"https:\/\/aecolos.edu.gov.pt\/wp-content\/uploads\/2025\/01\/pnpse_bitmap_png-1024x666.png 1024w, https:\/\/aecolos.edu.gov.pt\/wp-content\/uploads\/2025\/01\/pnpse_bitmap_png-300x195.png 300w, https:\/\/aecolos.edu.gov.pt\/wp-content\/uploads\/2025\/01\/pnpse_bitmap_png-768x500.png 768w, https:\/\/aecolos.edu.gov.pt\/wp-content\/uploads\/2025\/01\/pnpse_bitmap_png-200x130.png 200w, https:\/\/aecolos.edu.gov.pt\/wp-content\/uploads\/2025\/01\/pnpse_bitmap_png.png 1200w\" sizes=\"auto, (max-width: 1024px) 100vw, 1024px\" \/><\/a><\/figure>\n<\/div>\n\n<div class=\"wp-block-image\">\n<figure class=\"aligncenter size-full\"><a href=\"https:\/\/www.rbe.mec.pt\/np4\/home.html\" target=\"_blank\" rel=\" noreferrer noopener\"><img loading=\"lazy\" decoding=\"async\" width=\"262\" height=\"63\" src=\"https:\/\/aecolos.edu.gov.pt\/wp-content\/uploads\/2025\/01\/rbe.png\" alt=\"\" class=\"wp-image-2179\" srcset=\"https:\/\/aecolos.edu.gov.pt\/wp-content\/uploads\/2025\/01\/rbe.png 262w, https:\/\/aecolos.edu.gov.pt\/wp-content\/uploads\/2025\/01\/rbe-200x48.png 200w\" sizes=\"auto, (max-width: 262px) 100vw, 262px\" \/><\/a><\/figure>\n<\/div>\n\n<div class=\"wp-block-image\">\n<figure class=\"aligncenter size-full\"><a href=\"https:\/\/www.cm-odemira.pt\/\" target=\"_blank\" rel=\" noreferrer noopener\"><img loading=\"lazy\" decoding=\"async\" width=\"232\" height=\"79\" src=\"https:\/\/aecolos.edu.gov.pt\/wp-content\/uploads\/2025\/01\/Odemira.png\" alt=\"\" class=\"wp-image-2180\" srcset=\"https:\/\/aecolos.edu.gov.pt\/wp-content\/uploads\/2025\/01\/Odemira.png 232w, https:\/\/aecolos.edu.gov.pt\/wp-content\/uploads\/2025\/01\/Odemira-200x68.png 200w\" sizes=\"auto, (max-width: 232px) 100vw, 232px\" \/><\/a><\/figure>\n<\/div>\n\n<div class=\"wp-block-image\">\n<figure class=\"aligncenter size-full\"><a href=\"https:\/\/manuaisescolares.pt\/\" target=\"_blank\" rel=\" noreferrer noopener\"><img loading=\"lazy\" decoding=\"async\" width=\"321\" height=\"127\" src=\"https:\/\/aecolos.edu.gov.pt\/wp-content\/uploads\/2025\/01\/mega.png\" alt=\"\" class=\"wp-image-2182\" srcset=\"https:\/\/aecolos.edu.gov.pt\/wp-content\/uploads\/2025\/01\/mega.png 321w, https:\/\/aecolos.edu.gov.pt\/wp-content\/uploads\/2025\/01\/mega-300x119.png 300w, https:\/\/aecolos.edu.gov.pt\/wp-content\/uploads\/2025\/01\/mega-200x79.png 200w\" sizes=\"auto, (max-width: 321px) 100vw, 321px\" \/><\/a><\/figure>\n<\/div>\n\n<div class=\"wp-block-image\">\n<figure class=\"aligncenter size-full\"><a href=\"https:\/\/electrao.pt\/\" target=\"_blank\" rel=\" noreferrer noopener\"><img loading=\"lazy\" decoding=\"async\" width=\"618\" height=\"182\" src=\"https:\/\/aecolos.edu.gov.pt\/wp-content\/uploads\/2025\/01\/electrao.png\" alt=\"\" class=\"wp-image-2183\" srcset=\"https:\/\/aecolos.edu.gov.pt\/wp-content\/uploads\/2025\/01\/electrao.png 618w, https:\/\/aecolos.edu.gov.pt\/wp-content\/uploads\/2025\/01\/electrao-300x88.png 300w, https:\/\/aecolos.edu.gov.pt\/wp-content\/uploads\/2025\/01\/electrao-200x59.png 200w\" sizes=\"auto, (max-width: 618px) 100vw, 618px\" \/><\/a><\/figure>\n<\/div>\n\n\n<figure class=\"wp-block-image size-full\"><a href=\"https:\/\/siga.edubox.pt\/auth\" target=\"_blank\" rel=\" noreferrer noopener\"><img loading=\"lazy\" decoding=\"async\" width=\"187\" height=\"94\" src=\"https:\/\/aecolos.edu.gov.pt\/wp-content\/uploads\/2025\/01\/siga-logo-1.png\" alt=\"\" class=\"wp-image-2184\"\/><\/a><\/figure>\n<\/div>\n\n\n\n<div class=\"wp-block-group has-x-large-font-size is-layout-grid wp-container-core-group-is-layout-5a87428e wp-block-group-is-layout-grid\"><div class=\"wp-block-image\">\n<figure class=\"aligncenter size-full\"><a href=\"https:\/\/inovar.aecolos.pt\/inovaralunos\/Inicial.wgx\" target=\"_blank\" rel=\"noreferrer noopener\"><img loading=\"lazy\" decoding=\"async\" width=\"249\" height=\"49\" src=\"https:\/\/aecolos.edu.gov.pt\/wp-content\/uploads\/2025\/01\/tit_alunos.png\" alt=\"\" class=\"wp-image-2247\" srcset=\"https:\/\/aecolos.edu.gov.pt\/wp-content\/uploads\/2025\/01\/tit_alunos.png 249w, https:\/\/aecolos.edu.gov.pt\/wp-content\/uploads\/2025\/01\/tit_alunos-200x39.png 200w\" sizes=\"auto, (max-width: 249px) 100vw, 249px\" \/><\/a><\/figure>\n<\/div>\n\n<div class=\"wp-block-image\">\n<figure class=\"aligncenter size-full\"><a href=\"https:\/\/inovar.aecolos.pt\/inovarpaa\/Inicial.wgx\" target=\"_blank\" rel=\" noreferrer noopener\"><img loading=\"lazy\" decoding=\"async\" width=\"205\" height=\"63\" src=\"https:\/\/aecolos.edu.gov.pt\/wp-content\/uploads\/2025\/01\/tit_paa.png\" alt=\"\" class=\"wp-image-2248\" srcset=\"https:\/\/aecolos.edu.gov.pt\/wp-content\/uploads\/2025\/01\/tit_paa.png 205w, https:\/\/aecolos.edu.gov.pt\/wp-content\/uploads\/2025\/01\/tit_paa-200x61.png 200w\" sizes=\"auto, (max-width: 205px) 100vw, 205px\" \/><\/a><\/figure>\n<\/div>\n\n<div class=\"wp-block-image\">\n<figure class=\"aligncenter size-full\"><a href=\"https:\/\/inovar.aecolos.pt\/inovarconsulta\/app\/index.html#\/login\" target=\"_blank\" rel=\" noreferrer noopener\"><img loading=\"lazy\" decoding=\"async\" width=\"280\" height=\"48\" src=\"https:\/\/aecolos.edu.gov.pt\/wp-content\/uploads\/2025\/01\/tit_consulta.png\" alt=\"\" class=\"wp-image-2249\" srcset=\"https:\/\/aecolos.edu.gov.pt\/wp-content\/uploads\/2025\/01\/tit_consulta.png 280w, https:\/\/aecolos.edu.gov.pt\/wp-content\/uploads\/2025\/01\/tit_consulta-200x34.png 200w\" sizes=\"auto, (max-width: 280px) 100vw, 280px\" \/><\/a><\/figure>\n<\/div>\n\n<div class=\"wp-block-image\">\n<figure class=\"aligncenter size-full\"><a href=\"https:\/\/inovar.aecolos.pt\/inovarpessoal\/Inicial.wgx\" target=\"_blank\" rel=\" noreferrer noopener\"><img loading=\"lazy\" decoding=\"async\" width=\"270\" height=\"59\" src=\"https:\/\/aecolos.edu.gov.pt\/wp-content\/uploads\/2025\/01\/tit_pessoal.png\" alt=\"\" class=\"wp-image-2250\" srcset=\"https:\/\/aecolos.edu.gov.pt\/wp-content\/uploads\/2025\/01\/tit_pessoal.png 270w, https:\/\/aecolos.edu.gov.pt\/wp-content\/uploads\/2025\/01\/tit_pessoal-200x44.png 200w\" sizes=\"auto, (max-width: 270px) 100vw, 270px\" \/><\/a><\/figure>\n<\/div><\/div>\n\n\n\n<div style=\"height:100px\" aria-hidden=\"true\" class=\"wp-block-spacer\"><\/div>\n\n\n\n<div style=\"height:100px\" aria-hidden=\"true\" class=\"wp-block-spacer\"><\/div>\n\n\n\n<div style=\"height:100px\" aria-hidden=\"true\" class=\"wp-block-spacer\"><\/div>\n","protected":false},"excerpt":{"rendered":"","protected":false},"author":1,"featured_media":0,"parent":0,"menu_order":0,"comment_status":"closed","ping_status":"closed","template":"","meta":{"pgc_sgb_lightbox_settings":"","footnotes":""},"class_list":["post-1635","page","type-page","status-publish","hentry"],"_links":{"self":[{"href":"https:\/\/aecolos.edu.gov.pt\/index.php?rest_route=\/wp\/v2\/pages\/1635","targetHints":{"allow":["GET"]}}],"collection":[{"href":"https:\/\/aecolos.edu.gov.pt\/index.php?rest_route=\/wp\/v2\/pages"}],"about":[{"href":"https:\/\/aecolos.edu.gov.pt\/index.php?rest_route=\/wp\/v2\/types\/page"}],"author":[{"embeddable":true,"href":"https:\/\/aecolos.edu.gov.pt\/index.php?rest_route=\/wp\/v2\/users\/1"}],"replies":[{"embeddable":true,"href":"https:\/\/aecolos.edu.gov.pt\/index.php?rest_route=%2Fwp%2Fv2%2Fcomments&post=1635"}],"version-history":[{"count":9,"href":"https:\/\/aecolos.edu.gov.pt\/index.php?rest_route=\/wp\/v2\/pages\/1635\/revisions"}],"predecessor-version":[{"id":2388,"href":"https:\/\/aecolos.edu.gov.pt\/index.php?rest_route=\/wp\/v2\/pages\/1635\/revisions\/2388"}],"wp:attachment":[{"href":"https:\/\/aecolos.edu.gov.pt\/index.php?rest_route=%2Fwp%2Fv2%2Fmedia&parent=1635"}],"curies":[{"name":"wp","href":"https:\/\/api.w.org\/{rel}","templated":true}]}}