{"id":1627,"date":"2024-10-14T19:12:49","date_gmt":"2024-10-14T19:12:49","guid":{"rendered":"https:\/\/aecolos.edu.gov.pt\/?page_id=1627"},"modified":"2025-01-22T15:05:13","modified_gmt":"2025-01-22T15:05:13","slug":"orga","status":"publish","type":"page","link":"https:\/\/aecolos.edu.gov.pt\/?page_id=1627","title":{"rendered":"Organograma do Agrupamento"},"content":{"rendered":"\n<div id=\"wpdevart_org_chart_1\" class=\"wpdevart_org_chart\"><div class=\"wpdevart_org_chart_container_parent\" id=\"wpdevart_org_chart_container_parent_1\"><div class=\"wpdevart_org_chart_container \" id=\"wpdevart_org_chart_container_1\"><ul ><li class=\"has_children next_no_children\" data-children=3><div class=\"wpda_tree_item_container\" id=\"wpda_item_container_1\" ><span class=\"wpda_tree_line\"><\/span><div class=\"wpda_tree_open_popup_el\"><div tabindex=\"0\" class=\"wpda_tree_item_title \"><\/div><div tabindex=\"0\" class=\"wpda_tree_item_desc \">Conselho\n  Geral<\/div><div date-popup-theme = \"11\" class=\"wpda_tree_popup_content wpda_tree_element_hidden\"><div class=\"wpda_popup_innerhtml\"><ul>\n \t<li>Maria Ana S\u00e9rgio (Presidente)<\/li>\n \t<li>M\u00f3nica Nicolau (Representante dos Docentes)<\/li>\n \t<li>H\u00e9lia Patr\u00edcio (Representante dos Docentes)<\/li>\n \t<li>Maria Jos\u00e9 Silva (Representante dos Docentes)<\/li>\n \t<li>Pedro Martins (Representante dos Docentes)<\/li>\n \t<li>V\u00edtor Parracho (Representante dos Docentes)<\/li>\n \t<li>Nat\u00e1lia Soares (Representante do Pessoal N\u00e3o Docente)<\/li>\n \t<li>Patr\u00edcia Sobral (Representante dos Encarregados de Educa\u00e7\u00e3o)<\/li>\n \t<li>Fernanda Lous\u00e3o (Representante dos Encarregados de Educa\u00e7\u00e3o)<\/li>\n \t<li>Sofia Guerreiro\u00a0(Representante dos Encarregados de Educa\u00e7\u00e3o)\nRita Costa (Representante dos Encarregados de Educa\u00e7\u00e3o)<\/li>\n \t<li>Daniel Balinhas (Representante do Munic\u00edpio)<\/li>\n \t<li>Isabel Palma (Representante do Munic\u00edpio)<\/li>\n \t<li>Fernando Silva (Representante da Sociedade Recreativa Colense)<\/li>\n \t<li>Daniela Ramos\u00a0(Representante da Delega\u00e7\u00e3o de Colos da Cruz Vermelha Portuguesa)<\/li>\n<\/ul><\/div><\/div><\/div><\/div><ul ><li class=\"no_children next_children\" data-children=0><div class=\"wpda_tree_item_container\" id=\"wpda_item_container_2\" ><span class=\"wpda_tree_line\"><\/span><div class=\"wpda_tree_open_popup_el\"><div tabindex=\"0\" class=\"wpda_tree_item_title \"><\/div><div tabindex=\"0\" class=\"wpda_tree_item_desc \">  Conselho\nPedag\u00f3gico<\/div><div date-popup-theme = \"11\" class=\"wpda_tree_popup_content wpda_tree_element_hidden\"><div class=\"wpda_popup_innerhtml\"><ul>\n<li>Pedro Caria\u00a0(Presidente)<\/li>\n<li>Ros\u00e1rio Leit\u00e3o (Coord. do Ensino Pr\u00e9-Escolar)<\/li>\n<li>Mar\u00edlia Moura\u00a0(Coord. do 1\u00ba ciclo)<\/li>\n<li>Elsa Lob\u00e3o\u00a0(Coord. D. L\u00ednguas e Ci\u00eancias Sociais)<\/li>\n<li>T\u00e2nia Beja (Coord. D. Mat. e Ci\u00eancias Exp.)<\/li>\n<li>Ana Naves (Coord. D. de Express\u00f5es)<\/li>\n<li>Ana Azevedo\u00a0(Coord. Diretores de Turma)<\/li>\n<li>M\u00aa Manuela Guerreiro\u00a0(Coord. da BE)<\/li>\n<li>Engr\u00e1cia Nunes\u00a0(Representante da EMAEI)<\/li>\n<\/ul>\n<\/div><\/div><\/div><\/div><\/li><li class=\"has_children next_no_children\" data-children=2><div class=\"wpda_tree_item_container\" id=\"wpda_item_container_3\" ><span class=\"wpda_tree_line\"><\/span><div class=\"wpda_tree_open_popup_el\"><div tabindex=\"0\" class=\"wpda_tree_item_title \"><\/div><div tabindex=\"0\" class=\"wpda_tree_item_desc \">Dire\u00e7\u00e3o<\/div><div date-popup-theme = \"11\" class=\"wpda_tree_popup_content wpda_tree_element_hidden\"><div class=\"wpda_popup_innerhtml\"><ul>\n<li>Pedro Caria\u00a0(Diretor)<\/li>\n<li>Ana Naves (Subdiretora)<\/li>\n<li>T\u00e2nia Ferreira (Adjunta)<\/li>\n<li>In\u00eas Pastor (Adjunta)<\/li>\n<\/ul>\n<\/div><\/div><\/div><\/div><ul ><li class=\"no_children next_no_children\" data-children=0><div class=\"wpda_tree_item_container\" id=\"wpda_item_container_4\" ><span class=\"wpda_tree_line\"><\/span><div class=\"\"><div tabindex=\"0\" class=\"wpda_tree_item_title \"><\/div><div tabindex=\"0\" class=\"wpda_tree_item_desc \">Servi\u00e7os T\u00e9cnicos \ne Administrativos<\/div><\/div><\/div><\/li><li class=\"no_children next_no_children\" data-children=0><div class=\"wpda_tree_item_container\" id=\"wpda_item_container_5\" ><span class=\"wpda_tree_line\"><\/span><div class=\"\"><div tabindex=\"0\" class=\"wpda_tree_item_title \"><\/div><div tabindex=\"0\" class=\"wpda_tree_item_desc \">Assistentes\nOperacionais<\/div><\/div><\/div><\/li><\/ul>\r\n<script>\r\nwpda_org_chart_popup_theme = new Array();\r\nwpda_org_chart_popup_theme[11] = {\"name\":\"Default\",\"popup_width\":{\"metric_desktop\":\"px\",\"metric_tablet\":\"px\",\"metric_mobile\":\"px\",\"desktop\":\"1280\",\"tablet\":\"1024\",\"mobile\":\"320\"},\"popup_height\":{\"metric_desktop\":\"px\",\"metric_tablet\":\"px\",\"metric_mobile\":\"px\",\"desktop\":\"720\",\"tablet\":\"576\",\"mobile\":\"480\"},\"popup_bg_color\":{\"gradient\":\"none\",\"color1\":\"rgba(255,255,255,1)\",\"color2\":\"rgba(255,255,255,1)\"},\"padding\":{\"metric_desktop\":\"px\",\"metric_tablet\":\"px\",\"metric_mobile\":\"px\",\"desktop_top\":0,\"desktop_right\":10,\"desktop_bottom\":10,\"desktop_left\":10,\"tablet_top\":0,\"tablet_right\":0,\"tablet_bottom\":0,\"tablet_left\":0,\"mobile_top\":0,\"mobile_right\":0,\"mobile_bottom\":0,\"mobile_left\":0},\"popup_position\":\"5\",\"popup_fixed_postion\":\"fixed\",\"popup_border_type\":\"solid\",\"popup_border_color\":\"#cccccc\",\"popup_border_width\":{\"metric_desktop\":\"px\",\"desktop\":\"1\"},\"popup_border_radius\":{\"metric_desktop\":\"px\",\"desktop\":\"0\"},\"popup_animation_type\":null,\"popup_animation_time\":null,\"overlay_bg_color\":{\"gradient\":\"to bottom\",\"color1\":\"rgba(10,1,1,0.7)\",\"color2\":\"rgba(0,0,0,0.5)\"},\"close_button_text\":{\"desktop\":\"X\"},\"close_section_type\":\"section\",\"close_aditional\":\"esc_click\",\"close_button_text_font_family\":\"Arial,Helvetica Neue,Helvetica,sans-serif\",\"close_button_text_color\":\"#000000\",\"close_button_text_font_size\":{\"metric_desktop\":\"px\",\"desktop\":\"20\"},\"close_button_text_letter_spacing\":{\"metric_desktop\":\"px\",\"desktop\":\"normal\"},\"close_button_text_line_height\":{\"metric_desktop\":\"em\",\"desktop\":\"normal\"},\"close_button_text_font_weight\":\"initial\",\"close_button_text_font_style\":\"initial\",\"close_button_section_bg_color\":\"#e8e8e8\",\"close_section_border_bottom_type\":\"solid\",\"close_section_border_bottom_color\":\"#cccccc\",\"close_section_border_bottom_width\":{\"metric_desktop\":\"px\",\"desktop\":\"1\"}}\r\n<\/script><\/li><li class=\"no_children next_no_children\" data-children=0><div class=\"wpda_tree_item_container\" id=\"wpda_item_container_6\" ><span class=\"wpda_tree_line\"><\/span><div class=\"wpda_tree_open_popup_el\"><div tabindex=\"0\" class=\"wpda_tree_item_title \"><\/div><div tabindex=\"0\" class=\"wpda_tree_item_desc \">    Conselho\nAdministrativo<\/div><div date-popup-theme = \"11\" class=\"wpda_tree_popup_content wpda_tree_element_hidden\"><div class=\"wpda_popup_innerhtml\"><ul>\n<li>Diretor &#8211; Pedro Caria<\/li>\n<li>Sub-diretora &#8211; Ana Naves<\/li>\n<li>Chefe Serv. Adm. &#8211; Carla Carvalho<\/li>\n<\/ul>\n<\/div><\/div><\/div><\/div><\/li><\/ul>\r\n<script>\r\nwpda_org_chart_popup_theme = new Array();\r\nwpda_org_chart_popup_theme[11] = {\"name\":\"Default\",\"popup_width\":{\"metric_desktop\":\"px\",\"metric_tablet\":\"px\",\"metric_mobile\":\"px\",\"desktop\":\"1280\",\"tablet\":\"1024\",\"mobile\":\"320\"},\"popup_height\":{\"metric_desktop\":\"px\",\"metric_tablet\":\"px\",\"metric_mobile\":\"px\",\"desktop\":\"720\",\"tablet\":\"576\",\"mobile\":\"480\"},\"popup_bg_color\":{\"gradient\":\"none\",\"color1\":\"rgba(255,255,255,1)\",\"color2\":\"rgba(255,255,255,1)\"},\"padding\":{\"metric_desktop\":\"px\",\"metric_tablet\":\"px\",\"metric_mobile\":\"px\",\"desktop_top\":0,\"desktop_right\":10,\"desktop_bottom\":10,\"desktop_left\":10,\"tablet_top\":0,\"tablet_right\":0,\"tablet_bottom\":0,\"tablet_left\":0,\"mobile_top\":0,\"mobile_right\":0,\"mobile_bottom\":0,\"mobile_left\":0},\"popup_position\":\"5\",\"popup_fixed_postion\":\"fixed\",\"popup_border_type\":\"solid\",\"popup_border_color\":\"#cccccc\",\"popup_border_width\":{\"metric_desktop\":\"px\",\"desktop\":\"1\"},\"popup_border_radius\":{\"metric_desktop\":\"px\",\"desktop\":\"0\"},\"popup_animation_type\":null,\"popup_animation_time\":null,\"overlay_bg_color\":{\"gradient\":\"to bottom\",\"color1\":\"rgba(10,1,1,0.7)\",\"color2\":\"rgba(0,0,0,0.5)\"},\"close_button_text\":{\"desktop\":\"X\"},\"close_section_type\":\"section\",\"close_aditional\":\"esc_click\",\"close_button_text_font_family\":\"Arial,Helvetica Neue,Helvetica,sans-serif\",\"close_button_text_color\":\"#000000\",\"close_button_text_font_size\":{\"metric_desktop\":\"px\",\"desktop\":\"20\"},\"close_button_text_letter_spacing\":{\"metric_desktop\":\"px\",\"desktop\":\"normal\"},\"close_button_text_line_height\":{\"metric_desktop\":\"em\",\"desktop\":\"normal\"},\"close_button_text_font_weight\":\"initial\",\"close_button_text_font_style\":\"initial\",\"close_button_section_bg_color\":\"#e8e8e8\",\"close_section_border_bottom_type\":\"solid\",\"close_section_border_bottom_color\":\"#cccccc\",\"close_section_border_bottom_width\":{\"metric_desktop\":\"px\",\"desktop\":\"1\"}}\r\n<\/script><\/li><\/ul><\/div><\/div><\/div><script>document.addEventListener(\"DOMContentLoaded\", function(event) { var wpda_org_chart_1= new wpdevart_org_chart_front(\"wpdevart_org_chart_container_1\",{mobile_frendly:\"mobile\",mobile_size:450,def_scroll:50, zoomable:\"disable\", draggable:\"disable\", default_zoom:\"100\", max_zoomable:\"1\", min_zoomable:\"10\", zoom_speed:\"10\"})});<\/script><style>#wpdevart_org_chart_container_1{\r\n\t\t\tbackground-image: linear-gradient(to bottom, #eaeaea, rgba(221,51,51,0));\r\n\t\t\tpadding-top:10px;\r\n\t\t\tpadding-right:;\r\n\t\t\tpadding-bottom:10px;\r\n\t\t\tpadding-left:0px;\r\n\t\t\tborder-style: ridge;\r\n\t\t\tborder-color: #000000;\r\n\t\t\tborder-width: 5px;\r\n\t\t\tborder-radius: 3px;  \r\n\t\t}#wpdevart_org_chart_container_1 li{margin-top: 3px;}#wpdevart_org_chart_container_1 ul ul::before{left: calc(50% - 1.5px);\r\n\t\t\tborder-left: 3px solid #000000;\r\n\t\t\theight: 23px;\r\n\t\t\ttop: 0px;\r\n\t\t}#wpdevart_org_chart_container_1 li::before, #wpdevart_org_chart_container_1 li::after{\r\n\t\t\ttop: -3px;\r\n\t\t\tright: calc(50% - 1.5px);\r\n\t\t\twidth: calc(50% + 3px);\r\n\t\t\tborder-top: 3px solid #000000;\r\n\t\t\theight: 23px;\r\n\t\t}#wpdevart_org_chart_container_1 li:after{\r\n\t\t\tleft: calc(50% - 1.5px);\r\n\t\t\tborder-left: 3px solid #000000;\r\n\t\t}#wpdevart_org_chart_container_1 li:last-child::before{\r\n\t\t\tborder-right: 3px solid #000000;\r\n\t\t}#wpdevart_org_chart_container_1 li:first-child::before, #wpdevart_org_chart_container_1 li:last-child::after {\r\n\t\t  border: 0 none;\r\n\t\t}@media screen and (max-width: 1000px) {#wpdevart_org_chart_container_1{\r\n\t\t\tpadding-top:0px;\r\n\t\t\tpadding-right:0px;\r\n\t\t\tpadding-bottom:0px;\r\n\t\t\tpadding-left:0px;\t\t\r\n\t\t}}@media screen and (max-width: 450px) {#wpdevart_org_chart_container_1{\r\n\t\t\tpadding-top:0px;\r\n\t\t\tpadding-right:0px;\r\n\t\t\tpadding-bottom:0px;\r\n\t\t\tpadding-left:0px;\t\t\r\n\t\t}}#wpdevart_org_chart_container_1 .chart_wpda_mobile_after.has_children > ul:before{\r\n\t\t\ttop:-80px;\r\n\t\t\tleft:0px;\r\n\t\t\theight:80px;\r\n\t\t}#wpdevart_org_chart_container_1 .chart_wpda_mobile_after.has_children li .wpda_tree_item_container:after{\r\n\t\t\tborder-top: 3px solid #000000;\r\n\t\t}#wpdevart_org_chart_container_1 .chart_wpda_mobile_after.has_children li .wpda_tree_item_container:after{\r\n\t\t\tborder-top: 3px solid #000000;\r\n\t\t}#wpdevart_org_chart_container_1 .chart_wpda_mobile_after > ul li{\r\n\t\t\tborder-left:3px solid #000000;\r\n\t\t}#wpdevart_org_chart_container_1 .chart_wpda_mobile_after.has_children > .wpda_tree_item_container:before,#wpdevart_org_chart_container_1 .chart_wpda_mobile_after li.has_children > .wpda_tree_item_container:before{\r\n\t\t\tcontent: \"\";\r\n\t\t\tborder-left:3px solid #000000;\r\n\t\t}#wpdevart_org_chart_container_1 .chart_wpda_mobile_after li{\r\n\t\t\tmargin-top:0px;\r\n\t\t}#wpdevart_org_chart_container_1 .chart_wpda_mobile_after > ul li:last-child{\r\n\t\t\tborder-left: 0;\r\n\t\t}#wpdevart_org_chart_container_1 .chart_wpda_mobile_after > ul li:last-child > div > span.wpda_tree_line{\r\n\t\t\tborder-left: 3px solid #000000;\r\n\t\t}#wpdevart_org_chart_container_1 .chart_wpda_mobile_after.has_children li .wpda_tree_item_container:after {\r\n\t\t\ttop: calc(50% - 1.5px);\r\n\t\t}#wpdevart_org_chart_container_1 .chart_wpda_mobile_after li.has_children li .wpda_tree_item_container:after {\r\n\t\t\ttop: calc(50% - 1.5px);\r\n\t\t}.first_child_hidden#wpdevart_org_chart_container_1 .chart_wpda_mobile_after > ul > li > ul > li:first-child::before{\r\n\t\t\tborder-left: 3px solid #000000;\r\n\t\t\ttop: 80px;\r\n\t\t\theight: calc(100% - 80px);\r\n\t\t\tleft:0px;\r\n\t\t\twidth:0px;\r\n\t\t}.first_child_hidden#wpdevart_org_chart_container_1 .chart_wpda_mobile_after > ul > li > div.wpda_tree_item_container:before{\r\n\t\t\tborder:none;\r\n\t\t}#wpdevart_org_chart_container_1 .chart_wpda_mobile_after > ul li:last-child > .wpda_tree_item_container{\r\n\t\t\tpadding-left: 23px;\r\n\t\t}#wpdevart_org_chart_container_1 .chart_wpda_mobile_after > ul li:last-child > .wpda_tree_item_container:after{\r\n\t\t\twidth: 23px;\r\n\t\t}#wpdevart_org_chart_container_1 .chart_wpda_mobile_after > ul li:last-child > .wpda_tree_item_container:before{\r\n\t\t\tleft: 23px;\r\n\t\t}#wpdevart_org_chart_container_1 .chart_wpda_mobile_after > ul li:last-child > ul{\r\n\t\t\tmargin-left: 3px;\r\n\t\t}#wpdevart_org_chart_container_1 .wpdevart_highlight{\r\n\t\t\tbackground-color: #dbe908;\r\n\t\t}.wpda_mobile#wpdevart_org_chart_container_1 li.has_children > ul:before{\r\n\t\t\ttop:-80px;\r\n\t\t\tleft:0px;\r\n\t\t\theight:80px;\r\n\t\t}.wpda_mobile#wpdevart_org_chart_container_1 li.has_children li .wpda_tree_item_container:after{\r\n\t\t\tborder-top: 3px solid #000000;\r\n\t\t}#wpdevart_org_chart_container_1 .chart_wpda_mobile_after li.has_children li .wpda_tree_item_container:after{\r\n\t\t\tborder-top: 3px solid #000000;\r\n\t\t}.wpda_mobile#wpdevart_org_chart_container_1 > ul > li > ul li{\r\n\t\t\tborder-left:3px solid #000000;\r\n\t\t}.wpda_mobile#wpdevart_org_chart_container_1 li.has_children > .wpda_tree_item_container:before{\r\n\t\t\tcontent: \"\";\r\n\t\t\tborder-left:3px solid #000000;\r\n\t\t}.wpda_mobile#wpdevart_org_chart_container_1 li{\r\n\t\t\tmargin-top:0px;\r\n\t\t}.wpda_mobile#wpdevart_org_chart_container_1 > ul > li > ul li:last-child{\r\n\t\t\tborder-left: 0;\r\n\t\t}.wpda_mobile#wpdevart_org_chart_container_1 > ul > li > ul li:last-child > div > span.wpda_tree_line{\r\n\t\t\tborder-left: 3px solid #000000;\r\n\t\t}.wpda_mobile#wpdevart_org_chart_container_1 li.has_children li .wpda_tree_item_container:after {\r\n\t\t\ttop: calc(50% - 1.5px);\r\n\t\t}#wpdevart_org_chart_container_1 .chart_wpda_mobile_after li.has_children li .wpda_tree_item_container:after {\r\n\t\t\ttop: calc(50% - 1.5px);\r\n\t\t}.wpda_mobile.first_child_hidden#wpdevart_org_chart_container_1 > ul > li > ul > li:first-child::before{\r\n\t\t\tborder-left: 3px solid #000000;\r\n\t\t\ttop: 80px;\r\n\t\t\theight: calc(100% - 80px);\r\n\t\t\tleft:0px;\r\n\t\t\twidth:0px;\r\n\t\t}.wpda_mobile.first_child_hidden#wpdevart_org_chart_container_1  > ul > li > div.wpda_tree_item_container:before{\r\n\t\t\tborder:none;\r\n\t\t}.wpda_mobile#wpdevart_org_chart_container_1  > ul > li > ul li:last-child > .wpda_tree_item_container{\r\n\t\t\tpadding-left: 23px;\r\n\t\t}.wpda_mobile#wpdevart_org_chart_container_1  > ul > li > ul li:last-child > .wpda_tree_item_container:after{\r\n\t\t\twidth: 23px;\r\n\t\t}.wpda_mobile#wpdevart_org_chart_container_1  > ul > li > ul li:last-child > .wpda_tree_item_container:before{\r\n\t\t\tleft: 23px;\r\n\t\t}.wpda_mobile#wpdevart_org_chart_container_1 > ul > li > ul li:last-child >ul{\r\n\t\t\tmargin-left: 3px;\r\n\t\t}<\/style>\n\n\n\n<div style=\"height:100px\" aria-hidden=\"true\" class=\"wp-block-spacer\"><\/div>\n\n\n\n<div style=\"height:100px\" aria-hidden=\"true\" class=\"wp-block-spacer\"><\/div>\n","protected":false},"excerpt":{"rendered":"","protected":false},"author":3,"featured_media":0,"parent":0,"menu_order":0,"comment_status":"closed","ping_status":"closed","template":"","meta":{"pgc_sgb_lightbox_settings":"","footnotes":""},"class_list":["post-1627","page","type-page","status-publish","hentry"],"_links":{"self":[{"href":"https:\/\/aecolos.edu.gov.pt\/index.php?rest_route=\/wp\/v2\/pages\/1627","targetHints":{"allow":["GET"]}}],"collection":[{"href":"https:\/\/aecolos.edu.gov.pt\/index.php?rest_route=\/wp\/v2\/pages"}],"about":[{"href":"https:\/\/aecolos.edu.gov.pt\/index.php?rest_route=\/wp\/v2\/types\/page"}],"author":[{"embeddable":true,"href":"https:\/\/aecolos.edu.gov.pt\/index.php?rest_route=\/wp\/v2\/users\/3"}],"replies":[{"embeddable":true,"href":"https:\/\/aecolos.edu.gov.pt\/index.php?rest_route=%2Fwp%2Fv2%2Fcomments&post=1627"}],"version-history":[{"count":3,"href":"https:\/\/aecolos.edu.gov.pt\/index.php?rest_route=\/wp\/v2\/pages\/1627\/revisions"}],"predecessor-version":[{"id":2391,"href":"https:\/\/aecolos.edu.gov.pt\/index.php?rest_route=\/wp\/v2\/pages\/1627\/revisions\/2391"}],"wp:attachment":[{"href":"https:\/\/aecolos.edu.gov.pt\/index.php?rest_route=%2Fwp%2Fv2%2Fmedia&parent=1627"}],"curies":[{"name":"wp","href":"https:\/\/api.w.org\/{rel}","templated":true}]}}