{"id":1466,"date":"2024-05-18T15:00:10","date_gmt":"2024-05-18T15:00:10","guid":{"rendered":"https:\/\/aecolos.edu.gov.pt\/?page_id=1466"},"modified":"2025-01-29T19:37:10","modified_gmt":"2025-01-29T19:37:10","slug":"historia","status":"publish","type":"page","link":"https:\/\/aecolos.edu.gov.pt\/?page_id=1466","title":{"rendered":"Hist\u00f3ria"},"content":{"rendered":"<div class=\"wp-block-image\">\n<figure class=\"alignleft size-full\"><img loading=\"lazy\" decoding=\"async\" width=\"537\" height=\"264\" src=\"https:\/\/aecolos.edu.gov.pt\/wp-content\/uploads\/2024\/05\/colosescola-1.jpg\" alt=\"\" class=\"wp-image-1535\" srcset=\"https:\/\/aecolos.edu.gov.pt\/wp-content\/uploads\/2024\/05\/colosescola-1.jpg 537w, https:\/\/aecolos.edu.gov.pt\/wp-content\/uploads\/2024\/05\/colosescola-1-300x147.jpg 300w\" sizes=\"auto, (max-width: 537px) 100vw, 537px\" \/><\/figure>\n<\/div>\n\n\n<p class=\"has-text-align-left\">O Agrupamento de Escolas de Colos situa-se no distrito de Beja, concelho de Odemira, freguesia de Colos.<\/p>\n\n\n\n<p>Inicialmente (1999) era composto por treze estabelecimentos de Educa\u00e7\u00e3o e Ensino, que t\u00eam vindo a encerrar.<\/p>\n\n\n\n<p>Presentemente encontram-se cinco em funcionamento: EB1\/JI de Bicos, EB1\/JI de Colos, EB1 de Rel\u00edquias, JI de Rel\u00edquias e EB1\/JI de S. Martinho das Amoreiras.<\/p>\n\n\n\n<p>A&nbsp;Escola B\u00e1sica Aviador Brito Paes&nbsp;\u00e9 a sede deste Agrupamento. Serve atualmente quatro freguesias: Colos, Rel\u00edquias, Vale de Santiago e S. Martinho das Amoreiras.<\/p>\n\n\n\n<p>A escola sede de Agrupamento disp\u00f5e de nove salas de aula, uma biblioteca, um gabinete m\u00e9dico, sala polivalente, sala de conv\u00edvio, refeit\u00f3rio, pavilh\u00e3o gimnodesportivo (possui pain\u00e9is solares para aquecimento da \u00e1gua dos banhos), uma sala de Inform\u00e1tica, uma sala de pessoal n\u00e3o docente e a sala de professores. O edif\u00edcio n\u00e3o possui laborat\u00f3rios. Junto \u00e0 biblioteca encontra-se a\u00a0Sala do Futuro\u00a0(uma sala tecnologicamente equipada para trabalho interativo e explora\u00e7\u00e3o multim\u00e9dia) e um est\u00fadio de grava\u00e7\u00e3o de \u00e1udio\/v\u00eddeo.<\/p>\n\n\n\n<p>No recinto da Escola sede do agrupamento funcionam ainda tr\u00eas salas de aula de 1\u00ba ciclo e uma sala de Educa\u00e7\u00e3o Pr\u00e9-Escolar, com um parque infantil exterior.<\/p>\n\n\n\n<p>O Agrupamento de Escolas de Colos integra estabelecimentos do ensino Pr\u00e9-Escolar e 1\u00baCiclo em Bicos, S. Martinho das Amoreiras e Rel\u00edquias. Consulte a nossa\u00a0<a href=\"https:\/\/aecolos.edu.gov.pt\/?page_id=1669\">oferta formativa<\/a>.<\/p>\n\n\n\n<div style=\"height:100px\" aria-hidden=\"true\" class=\"wp-block-spacer\"><\/div>\n","protected":false},"excerpt":{"rendered":"<p>O Agrupamento de Escolas de Colos situa-se no distrito de Beja, concelho de Odemira, freguesia de Colos. Inicialmente (1999) era composto por treze estabelecimentos de Educa\u00e7\u00e3o e Ensino, que t\u00eam &#8230;<\/p>\n","protected":false},"author":1,"featured_media":1535,"parent":0,"menu_order":0,"comment_status":"closed","ping_status":"closed","template":"template-fullwidth.php","meta":{"pgc_sgb_lightbox_settings":"","footnotes":""},"class_list":["post-1466","page","type-page","status-publish","has-post-thumbnail","hentry"],"_links":{"self":[{"href":"https:\/\/aecolos.edu.gov.pt\/index.php?rest_route=\/wp\/v2\/pages\/1466","targetHints":{"allow":["GET"]}}],"collection":[{"href":"https:\/\/aecolos.edu.gov.pt\/index.php?rest_route=\/wp\/v2\/pages"}],"about":[{"href":"https:\/\/aecolos.edu.gov.pt\/index.php?rest_route=\/wp\/v2\/types\/page"}],"author":[{"embeddable":true,"href":"https:\/\/aecolos.edu.gov.pt\/index.php?rest_route=\/wp\/v2\/users\/1"}],"replies":[{"embeddable":true,"href":"https:\/\/aecolos.edu.gov.pt\/index.php?rest_route=%2Fwp%2Fv2%2Fcomments&post=1466"}],"version-history":[{"count":6,"href":"https:\/\/aecolos.edu.gov.pt\/index.php?rest_route=\/wp\/v2\/pages\/1466\/revisions"}],"predecessor-version":[{"id":2454,"href":"https:\/\/aecolos.edu.gov.pt\/index.php?rest_route=\/wp\/v2\/pages\/1466\/revisions\/2454"}],"wp:featuredmedia":[{"embeddable":true,"href":"https:\/\/aecolos.edu.gov.pt\/index.php?rest_route=\/wp\/v2\/media\/1535"}],"wp:attachment":[{"href":"https:\/\/aecolos.edu.gov.pt\/index.php?rest_route=%2Fwp%2Fv2%2Fmedia&parent=1466"}],"curies":[{"name":"wp","href":"https:\/\/api.w.org\/{rel}","templated":true}]}}